{"id":15,"date":"2024-11-07T03:09:41","date_gmt":"2024-11-06T19:09:41","guid":{"rendered":"https:\/\/jean-philippe-haure.art\/?page_id=15"},"modified":"2025-01-18T14:38:08","modified_gmt":"2025-01-18T06:38:08","slug":"home","status":"publish","type":"page","link":"https:\/\/jean-philippe-haure.art\/fr","title":{"rendered":"Jean-Philippe Haure &#8211; Fine Art from Bali"},"content":{"rendered":"<div data-elementor-type=\"wp-page\" data-elementor-id=\"15\" class=\"elementor elementor-15\" data-elementor-post-type=\"page\">\n\t\t\t\t<div class=\"elementor-element elementor-element-e460ee5 e-flex e-con-boxed e-con e-parent\" data-id=\"e460ee5\" data-element_type=\"container\" data-settings=\"{&quot;background_background&quot;:&quot;classic&quot;}\">\n\t\t\t\t\t<div class=\"e-con-inner\">\n\t\t\t\t\t<\/div>\n\t\t\t\t<\/div>\n\t\t<div class=\"elementor-element elementor-element-a726583 e-flex e-con-boxed e-con e-parent\" data-id=\"a726583\" data-element_type=\"container\" data-settings=\"{&quot;background_background&quot;:&quot;classic&quot;}\">\n\t\t\t\t\t<div class=\"e-con-inner\">\n\t\t<div class=\"elementor-element elementor-element-0e3d215 e-con-full e-flex e-con e-child\" data-id=\"0e3d215\" data-element_type=\"container\">\n\t\t\t\t<div class=\"elementor-element elementor-element-8c82103 elementor-widget__width-initial elementor-widget-mobile__width-initial elementor-widget-tablet__width-initial elementor-widget elementor-widget-heading\" data-id=\"8c82103\" data-element_type=\"widget\" data-widget_type=\"heading.default\">\n\t\t\t\t\t<h1 class=\"elementor-heading-title elementor-size-default\">D\u00e9couvrez l&#039;Art de Jean-Philippe Haure<\/h1>\t\t\t\t<\/div>\n\t\t\t\t<div class=\"elementor-element elementor-element-e3be6ce elementor-widget__width-initial elementor-widget-mobile__width-initial elementor-widget-tablet__width-inherit elementor-widget elementor-widget-text-editor\" data-id=\"e3be6ce\" data-element_type=\"widget\" data-widget_type=\"text-editor.default\">\n\t\t\t\t\t\t\t\t\t<p>L'essence onirique combin\u00e9e \u00e0 l'\u00e9motion authentique et brute des habitants de Bali.<\/p><p>M\u00ealant r\u00e9alisme et spiritualit\u00e9 dans des formes abstraites, son travail est consacr\u00e9 \u00e0 la dualit\u00e9 de l'empathie entre l'humain et les pouvoirs abstraits de la vie.<\/p><p>En \u00e9levant l'esprit humain \u00e0 travers les personnages de ses tableaux, Jean-Philippe montre une vie sans artifice.<\/p>\t\t\t\t\t\t\t\t<\/div>\n\t\t\t\t<\/div>\n\t\t<div class=\"elementor-element elementor-element-2c37d88 e-con-full e-flex e-con e-child\" data-id=\"2c37d88\" data-element_type=\"container\" data-settings=\"{&quot;background_background&quot;:&quot;video&quot;,&quot;background_video_link&quot;:&quot;https:\\\/\\\/jean-philippe-haure.art\\\/wp-content\\\/uploads\\\/2024\\\/11\\\/JPH-process-art-vid-website.mp4&quot;,&quot;background_privacy_mode&quot;:&quot;yes&quot;}\">\n\t\t<div class=\"elementor-background-video-container elementor-hidden-mobile\" aria-hidden=\"true\">\n\t\t\t\t\t\t\t<video class=\"elementor-background-video-hosted\" autoplay muted playsinline loop><\/video>\n\t\t\t\t\t<\/div><div class=\"elementor-element elementor-element-cae39c4 e-con-full e-flex e-con e-child\" data-id=\"cae39c4\" data-element_type=\"container\">\n\t\t\t\t<div class=\"elementor-element elementor-element-fc4fd06 elementor-widget elementor-widget-spacer\" data-id=\"fc4fd06\" data-element_type=\"widget\" data-widget_type=\"spacer.default\">\n\t\t\t\t\t\t\t<div class=\"elementor-spacer\">\n\t\t\t<div class=\"elementor-spacer-inner\"><\/div>\n\t\t<\/div>\n\t\t\t\t\t\t<\/div>\n\t\t\t\t<\/div>\n\t\t<div class=\"elementor-element elementor-element-95166e0 e-con-full e-flex elementor-invisible e-con e-child\" data-id=\"95166e0\" data-element_type=\"container\" data-settings=\"{&quot;background_background&quot;:&quot;classic&quot;,&quot;animation&quot;:&quot;slideInUp&quot;,&quot;animation_mobile&quot;:&quot;none&quot;}\">\n\t\t\t\t<div class=\"elementor-element elementor-element-a07b0e4 elementor-widget elementor-widget-text-editor\" data-id=\"a07b0e4\" data-element_type=\"widget\" data-widget_type=\"text-editor.default\">\n\t\t\t\t\t\t\t\t\t<p><a href=\"https:\/\/jean-philippe-haure.art\/fr\/le-processus\/\" target=\"_blank\" rel=\"noopener\">Le processus<\/a><\/p>\t\t\t\t\t\t\t\t<\/div>\n\t\t\t\t<div class=\"elementor-element elementor-element-019e81f elementor-widget__width-initial elementor-widget elementor-widget-image\" data-id=\"019e81f\" data-element_type=\"widget\" data-widget_type=\"image.default\">\n\t\t\t\t\t\t\t\t\t\t\t\t\t\t\t\t<a href=\"https:\/\/jean-philippe-haure.art\/fr\/le-processus\/\" target=\"_blank\">\n\t\t\t\t\t\t\t<img decoding=\"async\" width=\"300\" height=\"50\" src=\"https:\/\/jean-philippe-haure.art\/wp-content\/uploads\/2024\/11\/JPH-Long-Arrow-Icon-PNG.png\" class=\"attachment-medium size-medium wp-image-77\" alt=\"\" srcset=\"https:\/\/jean-philippe-haure.art\/wp-content\/uploads\/2024\/11\/JPH-Long-Arrow-Icon-PNG.png 300w, https:\/\/jean-philippe-haure.art\/wp-content\/uploads\/2024\/11\/JPH-Long-Arrow-Icon-PNG-18x3.png 18w\" sizes=\"(max-width: 300px) 100vw, 300px\" \/>\t\t\t\t\t\t\t\t<\/a>\n\t\t\t\t\t\t\t\t\t\t\t\t\t\t\t<\/div>\n\t\t\t\t<\/div>\n\t\t\t\t<\/div>\n\t\t\t\t\t<\/div>\n\t\t\t\t<\/div>\n\t\t<div class=\"elementor-element elementor-element-3b26fd9 e-flex e-con-boxed e-con e-parent\" data-id=\"3b26fd9\" data-element_type=\"container\" data-settings=\"{&quot;background_background&quot;:&quot;classic&quot;}\">\n\t\t\t\t\t<div class=\"e-con-inner\">\n\t\t<div class=\"elementor-element elementor-element-dea53fe e-con-full e-flex e-con e-child\" data-id=\"dea53fe\" data-element_type=\"container\">\n\t\t\t\t<div class=\"elementor-element elementor-element-558b527 elementor-widget elementor-widget-heading\" data-id=\"558b527\" data-element_type=\"widget\" data-widget_type=\"heading.default\">\n\t\t\t\t\t<h2 class=\"elementor-heading-title elementor-size-default\">Des \u0153uvres d'art con\u00e7ues pour inspirer.<\/h2>\t\t\t\t<\/div>\n\t\t\t\t<\/div>\n\t\t<div class=\"elementor-element elementor-element-d63a316 e-con-full e-flex e-con e-child\" data-id=\"d63a316\" data-element_type=\"container\">\n\t\t\t\t<div class=\"elementor-element elementor-element-6c54ec1 elementor-cta--skin-cover elementor-animated-content elementor-bg-transform elementor-bg-transform-zoom-in elementor-widget elementor-widget-call-to-action\" data-id=\"6c54ec1\" data-element_type=\"widget\" data-widget_type=\"call-to-action.default\">\n\t\t\t\t\t\t\t<a class=\"elementor-cta\" href=\"https:\/\/jean-philippe-haure.art\/fr\/galerie\/\">\n\t\t\t\t\t<div class=\"elementor-cta__bg-wrapper\">\n\t\t\t\t<div class=\"elementor-cta__bg elementor-bg\" style=\"background-image: url(https:\/\/jean-philippe-haure.art\/wp-content\/uploads\/2024\/11\/The-fighter-detail-1-1024x768.jpg);\" role=\"img\" aria-label=\"Le combattant-d\u00e9tail-1\"><\/div>\n\t\t\t\t<div class=\"elementor-cta__bg-overlay\"><\/div>\n\t\t\t<\/div>\n\t\t\t\t\t\t\t<div class=\"elementor-cta__content\">\n\t\t\t\t\n\t\t\t\t\t\t\t\t\t<h2 class=\"elementor-cta__title elementor-cta__content-item elementor-content-item elementor-animated-item--grow\">\n\t\t\t\t\t\tPeintures\t\t\t\t\t<\/h2>\n\t\t\t\t\n\t\t\t\t\n\t\t\t\t\t\t\t<\/div>\n\t\t\t\t\t\t<\/a>\n\t\t\t\t\t\t<\/div>\n\t\t\t\t<\/div>\n\t\t<div class=\"elementor-element elementor-element-c2afbfd e-con-full e-flex e-con e-child\" data-id=\"c2afbfd\" data-element_type=\"container\">\n\t\t\t\t<div class=\"elementor-element elementor-element-7bab4fa elementor-cta--skin-cover elementor-animated-content elementor-bg-transform elementor-bg-transform-zoom-in elementor-widget elementor-widget-call-to-action\" data-id=\"7bab4fa\" data-element_type=\"widget\" data-widget_type=\"call-to-action.default\">\n\t\t\t\t\t\t\t<a class=\"elementor-cta\" href=\"https:\/\/jean-philippe-haure.art\/fr\/espaces-de-vie\/\">\n\t\t\t\t\t<div class=\"elementor-cta__bg-wrapper\">\n\t\t\t\t<div class=\"elementor-cta__bg elementor-bg\" style=\"background-image: url(https:\/\/jean-philippe-haure.art\/wp-content\/uploads\/2024\/11\/The-Holy-Cross-Detail-3-775x1024.jpg);\" role=\"img\" aria-label=\"La Sainte-Croix-D\u00e9tail-3\"><\/div>\n\t\t\t\t<div class=\"elementor-cta__bg-overlay\"><\/div>\n\t\t\t<\/div>\n\t\t\t\t\t\t\t<div class=\"elementor-cta__content\">\n\t\t\t\t\n\t\t\t\t\t\t\t\t\t<h2 class=\"elementor-cta__title elementor-cta__content-item elementor-content-item elementor-animated-item--grow\">\n\t\t\t\t\t\tProjets\t\t\t\t\t<\/h2>\n\t\t\t\t\n\t\t\t\t\n\t\t\t\t\t\t\t<\/div>\n\t\t\t\t\t\t<\/a>\n\t\t\t\t\t\t<\/div>\n\t\t\t\t<\/div>\n\t\t\t\t\t<\/div>\n\t\t\t\t<\/div>\n\t\t<div class=\"elementor-element elementor-element-b1c886f e-flex e-con-boxed e-con e-parent\" data-id=\"b1c886f\" data-element_type=\"container\" data-settings=\"{&quot;background_background&quot;:&quot;classic&quot;}\">\n\t\t\t\t\t<div class=\"e-con-inner\">\n\t\t<div class=\"elementor-element elementor-element-e5e662a e-con-full e-flex e-con e-child\" data-id=\"e5e662a\" data-element_type=\"container\">\n\t\t\t\t<div class=\"elementor-element elementor-element-2f29bc2 notranslate elementor-widget elementor-widget-jet-listing-grid\" data-id=\"2f29bc2\" data-element_type=\"widget\" id=\"notranslate\" data-settings=\"{&quot;columns&quot;:&quot;1&quot;}\" notranslate=\"\" data-widget_type=\"jet-listing-grid.default\" data-no-translation=\"\" data-no-auto-translation=\"\">\n\t\t\t\t<div class=\"elementor-widget-container\">\n\t\t\t\t\t<div class=\"jet-listing-grid jet-listing\"><div class=\"jet-listing-grid__items grid-col-desk-1 grid-col-tablet-1 grid-col-mobile-1 jet-listing-grid--514\" data-queried-id=\"15|WP_Post\" data-nav=\"{&quot;enabled&quot;:false,&quot;type&quot;:null,&quot;more_el&quot;:null,&quot;query&quot;:[],&quot;widget_settings&quot;:{&quot;lisitng_id&quot;:514,&quot;posts_num&quot;:1,&quot;columns&quot;:1,&quot;columns_tablet&quot;:1,&quot;columns_mobile&quot;:1,&quot;is_archive_template&quot;:&quot;&quot;,&quot;post_status&quot;:[&quot;publish&quot;],&quot;use_random_posts_num&quot;:&quot;&quot;,&quot;max_posts_num&quot;:9,&quot;not_found_message&quot;:&quot;No data was found&quot;,&quot;is_masonry&quot;:false,&quot;equal_columns_height&quot;:&quot;&quot;,&quot;use_load_more&quot;:&quot;&quot;,&quot;load_more_id&quot;:&quot;&quot;,&quot;load_more_type&quot;:&quot;click&quot;,&quot;load_more_offset&quot;:{&quot;unit&quot;:&quot;px&quot;,&quot;size&quot;:0,&quot;sizes&quot;:[]},&quot;use_custom_post_types&quot;:&quot;&quot;,&quot;custom_post_types&quot;:[],&quot;hide_widget_if&quot;:&quot;&quot;,&quot;carousel_enabled&quot;:&quot;&quot;,&quot;slides_to_scroll&quot;:&quot;1&quot;,&quot;arrows&quot;:&quot;true&quot;,&quot;arrow_icon&quot;:&quot;fa fa-angle-left&quot;,&quot;dots&quot;:&quot;&quot;,&quot;autoplay&quot;:&quot;true&quot;,&quot;pause_on_hover&quot;:&quot;true&quot;,&quot;autoplay_speed&quot;:5000,&quot;infinite&quot;:&quot;true&quot;,&quot;center_mode&quot;:&quot;&quot;,&quot;effect&quot;:&quot;slide&quot;,&quot;speed&quot;:500,&quot;inject_alternative_items&quot;:&quot;&quot;,&quot;injection_items&quot;:[],&quot;scroll_slider_enabled&quot;:&quot;&quot;,&quot;scroll_slider_on&quot;:[&quot;desktop&quot;,&quot;tablet&quot;,&quot;mobile&quot;],&quot;custom_query&quot;:false,&quot;custom_query_id&quot;:&quot;&quot;,&quot;_element_id&quot;:&quot;notranslate&quot;,&quot;collapse_first_last_gap&quot;:false,&quot;list_items_wrapper_tag&quot;:&quot;div&quot;,&quot;list_item_tag&quot;:&quot;div&quot;,&quot;empty_items_wrapper_tag&quot;:&quot;div&quot;}}\" data-page=\"1\" data-pages=\"30\" data-listing-source=\"posts\" data-listing-id=\"514\" data-query-id=\"\"><div class=\"jet-listing-grid__item jet-listing-dynamic-post-2432\" data-post-id=\"2432\" >\t\t<div data-elementor-type=\"jet-listing-items\" data-elementor-id=\"514\" class=\"elementor elementor-514\" data-elementor-post-type=\"jet-engine\">\n\t\t\t\t<div class=\"elementor-element elementor-element-7430cd3 e-flex e-con-boxed e-con e-parent\" data-id=\"7430cd3\" data-element_type=\"container\">\n\t\t\t\t\t<div class=\"e-con-inner\">\n\t\t<div class=\"elementor-element elementor-element-4c4e4df e-con-full e-flex e-con e-child\" data-id=\"4c4e4df\" data-element_type=\"container\">\n\t\t\t\t<div class=\"elementor-element elementor-element-c37902d notranslate elementor-widget elementor-widget-heading\" data-id=\"c37902d\" data-element_type=\"widget\" data-widget_type=\"heading.default\" data-no-translation=\"\" data-no-auto-translation=\"\">\n\t\t\t\t\t<h2 class=\"elementor-heading-title elementor-size-default\">Ladies Light Ligne<\/h2>\t\t\t\t<\/div>\n\t\t\t\t<\/div>\n\t\t<div class=\"elementor-element elementor-element-6178d22 e-con-full e-flex e-con e-child\" data-id=\"6178d22\" data-element_type=\"container\">\n\t\t\t\t<\/div>\n\t\t<div class=\"elementor-element elementor-element-e24a186 e-con-full e-flex e-con e-child\" data-id=\"e24a186\" data-element_type=\"container\">\n\t\t\t\t<div class=\"elementor-element elementor-element-25b6780 elementor-widget elementor-widget-jet-listing-dynamic-image\" data-id=\"25b6780\" data-element_type=\"widget\" data-widget_type=\"jet-listing-dynamic-image.default\">\n\t\t\t\t<div class=\"elementor-widget-container\">\n\t\t\t\t\t<div class=\"jet-listing jet-listing-dynamic-image\"><a href=\"https:\/\/jean-philippe-haure.art\/fr\/peintures\/ladies-light-ligne\/\" class=\"jet-listing-dynamic-image__link\"><img loading=\"lazy\" decoding=\"async\" width=\"600\" height=\"400\" src=\"https:\/\/jean-philippe-haure.art\/wp-content\/uploads\/elementor\/thumbs\/Ladies-Light-Line-detail8-r13j51mndka7cx7r0llnkihbz769k1u120t0j2ne74.jpg\" class=\"jet-listing-dynamic-image__img attachment-600x400x1x1 size-600x400x1x1\" alt=\"Ladies-Light-Line-detail8\" \/><\/a><\/div>\t\t\t\t<\/div>\n\t\t\t\t<\/div>\n\t\t\t\t<\/div>\n\t\t<div class=\"elementor-element elementor-element-d6ab37a e-con-full e-flex e-con e-child\" data-id=\"d6ab37a\" data-element_type=\"container\">\n\t\t<div class=\"elementor-element elementor-element-4e1fe81 e-con-full e-flex e-con e-child\" data-id=\"4e1fe81\" data-element_type=\"container\">\n\t\t\t\t<\/div>\n\t\t\t\t<div class=\"elementor-element elementor-element-4f421aa elementor-widget elementor-widget-jet-listing-dynamic-image\" data-id=\"4f421aa\" data-element_type=\"widget\" data-widget_type=\"jet-listing-dynamic-image.default\">\n\t\t\t\t<div class=\"elementor-widget-container\">\n\t\t\t\t\t<div class=\"jet-listing jet-listing-dynamic-image\"><a href=\"https:\/\/jean-philippe-haure.art\/fr\/peintures\/ladies-light-ligne\/\" class=\"jet-listing-dynamic-image__link\"><img loading=\"lazy\" decoding=\"async\" width=\"600\" height=\"400\" src=\"https:\/\/jean-philippe-haure.art\/wp-content\/uploads\/elementor\/thumbs\/Ladies-Light-Line-detail6-r13j5dujueqxjuq018vsyxebp7i1c46jfpabro59y8.jpg\" class=\"jet-listing-dynamic-image__img attachment-600x400x1x1 size-600x400x1x1\" alt=\"Ladies-Light-Line-detail6\" \/><\/a><\/div>\t\t\t\t<\/div>\n\t\t\t\t<\/div>\n\t\t\t\t<\/div>\n\t\t<div class=\"elementor-element elementor-element-a61426c e-con-full e-flex e-con e-child\" data-id=\"a61426c\" data-element_type=\"container\">\n\t\t\t\t<div class=\"elementor-element elementor-element-5ad8ec1 elementor-widget elementor-widget-jet-listing-dynamic-image\" data-id=\"5ad8ec1\" data-element_type=\"widget\" data-widget_type=\"jet-listing-dynamic-image.default\">\n\t\t\t\t<div class=\"elementor-widget-container\">\n\t\t\t\t\t<div class=\"jet-listing jet-listing-dynamic-image\"><a href=\"https:\/\/jean-philippe-haure.art\/fr\/peintures\/ladies-light-ligne\/\" class=\"jet-listing-dynamic-image__link\"><img loading=\"lazy\" decoding=\"async\" width=\"600\" height=\"400\" src=\"https:\/\/jean-philippe-haure.art\/wp-content\/uploads\/elementor\/thumbs\/Ladies-Light-Line-detail7-r13j5mb3jx2igcdpnujg3d9h1occ9e44gv5p35sqe8.jpg\" class=\"jet-listing-dynamic-image__img attachment-600x400x1x1 size-600x400x1x1\" alt=\"Ladies-Light-Line-detail7\" \/><\/a><\/div>\t\t\t\t<\/div>\n\t\t\t\t<\/div>\n\t\t\t\t<div class=\"elementor-element elementor-element-6fea19f elementor-widget elementor-widget-jet-listing-dynamic-image\" data-id=\"6fea19f\" data-element_type=\"widget\" data-widget_type=\"jet-listing-dynamic-image.default\">\n\t\t\t\t<div class=\"elementor-widget-container\">\n\t\t\t\t\t<div class=\"jet-listing jet-listing-dynamic-image\"><a href=\"https:\/\/jean-philippe-haure.art\/fr\/peintures\/ladies-light-ligne\/\" class=\"jet-listing-dynamic-image__link\"><img loading=\"lazy\" decoding=\"async\" width=\"600\" height=\"400\" src=\"https:\/\/jean-philippe-haure.art\/wp-content\/uploads\/elementor\/thumbs\/Ladies-Light-Line-detail3-1-r13j62acs3odxpqi2jg3rr8b585kw8vk728y8v51gg.jpg\" class=\"jet-listing-dynamic-image__img attachment-600x400x1x1 size-600x400x1x1\" alt=\"Ladies-Light-Line-detail3-1\" \/><\/a><\/div>\t\t\t\t<\/div>\n\t\t\t\t<\/div>\n\t\t\t\t<\/div>\n\t\t<div class=\"elementor-element elementor-element-6606fce e-con-full e-flex e-con e-child\" data-id=\"6606fce\" data-element_type=\"container\">\n\t\t\t\t<div class=\"elementor-element elementor-element-c8e02c2 elementor-widget elementor-widget-jet-listing-dynamic-image\" data-id=\"c8e02c2\" data-element_type=\"widget\" data-widget_type=\"jet-listing-dynamic-image.default\">\n\t\t\t\t<div class=\"elementor-widget-container\">\n\t\t\t\t\t<div class=\"jet-listing jet-listing-dynamic-image\"><a href=\"https:\/\/jean-philippe-haure.art\/fr\/peintures\/ladies-light-ligne\/\" class=\"jet-listing-dynamic-image__link\"><img loading=\"lazy\" decoding=\"async\" width=\"600\" height=\"400\" src=\"https:\/\/jean-philippe-haure.art\/wp-content\/uploads\/elementor\/thumbs\/Ladies-Light-Line-detail4-1-r13j5vphg9fdog024ylpsaw2zj20ed5fu5ojvxeso0.jpg\" class=\"jet-listing-dynamic-image__img attachment-600x400x1x1 size-600x400x1x1\" alt=\"Ladies-Light-Line-detail4-1\" \/><\/a><\/div>\t\t\t\t<\/div>\n\t\t\t\t<\/div>\n\t\t<div class=\"elementor-element elementor-element-36c8cb9 e-con-full e-flex elementor-invisible e-con e-child\" data-id=\"36c8cb9\" data-element_type=\"container\" data-settings=\"{&quot;background_background&quot;:&quot;classic&quot;,&quot;animation&quot;:&quot;slideInUp&quot;}\">\n\t\t\t\t<div class=\"elementor-element elementor-element-efdfac0 elementor-widget elementor-widget-text-editor\" data-id=\"efdfac0\" data-element_type=\"widget\" data-widget_type=\"text-editor.default\">\n\t\t\t\t\t\t\t\t\t<p><a href=\"https:\/\/jean-philippe-haure.art\/gallery\/\">View more<\/a><\/p>\t\t\t\t\t\t\t\t<\/div>\n\t\t\t\t<div class=\"elementor-element elementor-element-8de4b49 elementor-widget__width-initial elementor-widget elementor-widget-image\" data-id=\"8de4b49\" data-element_type=\"widget\" data-widget_type=\"image.default\">\n\t\t\t\t\t\t\t\t\t\t\t\t\t\t\t\t<a href=\"https:\/\/jean-philippe-haure.art\/gallery\/\">\n\t\t\t\t\t\t\t<img decoding=\"async\" width=\"300\" height=\"50\" src=\"https:\/\/jean-philippe-haure.art\/wp-content\/uploads\/2024\/11\/JPH-Long-Arrow-Icon-PNG.png\" class=\"attachment-medium size-medium wp-image-77\" alt=\"\" srcset=\"https:\/\/jean-philippe-haure.art\/wp-content\/uploads\/2024\/11\/JPH-Long-Arrow-Icon-PNG.png 300w, https:\/\/jean-philippe-haure.art\/wp-content\/uploads\/2024\/11\/JPH-Long-Arrow-Icon-PNG-18x3.png 18w\" sizes=\"(max-width: 300px) 100vw, 300px\" \/>\t\t\t\t\t\t\t\t<\/a>\n\t\t\t\t\t\t\t\t\t\t\t\t\t\t\t<\/div>\n\t\t\t\t<\/div>\n\t\t\t\t<\/div>\n\t\t\t\t\t<\/div>\n\t\t\t\t<\/div>\n\t\t\t\t<\/div>\n\t\t<\/div><\/div><\/div>\t\t\t\t<\/div>\n\t\t\t\t<\/div>\n\t\t\t\t<\/div>\n\t\t\t\t\t<\/div>\n\t\t\t\t<\/div>\n\t\t<div class=\"elementor-element elementor-element-42bb5d6 e-flex e-con-boxed e-con e-parent\" data-id=\"42bb5d6\" data-element_type=\"container\" id=\"new\" data-settings=\"{&quot;background_background&quot;:&quot;classic&quot;}\">\n\t\t\t\t\t<div class=\"e-con-inner\">\n\t\t<div class=\"elementor-element elementor-element-c8dc1b3 e-con-full e-flex e-con e-child\" data-id=\"c8dc1b3\" data-element_type=\"container\">\n\t\t\t\t<div class=\"elementor-element elementor-element-a535974 elementor-widget__width-initial elementor-widget-tablet__width-initial elementor-widget elementor-widget-heading\" data-id=\"a535974\" data-element_type=\"widget\" data-widget_type=\"heading.default\">\n\t\t\t\t\t<h2 class=\"elementor-heading-title elementor-size-default\">Derniers travaux<\/h2>\t\t\t\t<\/div>\n\t\t\t\t<\/div>\n\t\t<div class=\"elementor-element elementor-element-b6378d2 e-con-full e-flex e-con e-child\" data-id=\"b6378d2\" data-element_type=\"container\">\n\t\t\t\t<div class=\"elementor-element elementor-element-1ddba4f animated-slow elementor-invisible elementor-widget elementor-widget-jet-listing-grid\" data-id=\"1ddba4f\" data-element_type=\"widget\" data-settings=\"{&quot;columns&quot;:3,&quot;columns_tablet&quot;:&quot;2&quot;,&quot;columns_mobile&quot;:&quot;1&quot;,&quot;_animation&quot;:&quot;fadeInUp&quot;,&quot;_animation_mobile&quot;:&quot;none&quot;}\" data-widget_type=\"jet-listing-grid.default\">\n\t\t\t\t<div class=\"elementor-widget-container\">\n\t\t\t\t\t<div class=\"jet-listing-grid jet-listing-grid--lazy-load jet-listing jet-listing-grid-loading\" data-lazy-load=\"{&quot;offset&quot;:&quot;0px&quot;,&quot;post_id&quot;:15,&quot;queried_id&quot;:&quot;15|WP_Post&quot;}\"><div class=\"jet-listing-grid__loader\"><div class=\"jet-listing-grid__loader-spinner\"><\/div><\/div><\/div>\t\t\t\t<\/div>\n\t\t\t\t<\/div>\n\t\t\t\t<\/div>\n\t\t\t\t\t<\/div>\n\t\t\t\t<\/div>\n\t\t\t\t<\/div>","protected":false},"excerpt":{"rendered":"<p>Discover the Art of Jean-Philippe Haure Dreamlike essence combined with authentic, raw emotion within the people of Bali. Blending realism with spirituality in abstract forms, his work is dedicated to the duality of empathy between the human and the abstract powers of life. Elevating the human spirit through the figures in his paintings, Jean-Philippe shows [&hellip;]<\/p>","protected":false},"author":2,"featured_media":207,"parent":0,"menu_order":0,"comment_status":"closed","ping_status":"closed","template":"elementor_header_footer","meta":{"footnotes":""},"class_list":["post-15","page","type-page","status-publish","has-post-thumbnail","hentry"],"_links":{"self":[{"href":"https:\/\/jean-philippe-haure.art\/fr\/wp-json\/wp\/v2\/pages\/15","targetHints":{"allow":["GET"]}}],"collection":[{"href":"https:\/\/jean-philippe-haure.art\/fr\/wp-json\/wp\/v2\/pages"}],"about":[{"href":"https:\/\/jean-philippe-haure.art\/fr\/wp-json\/wp\/v2\/types\/page"}],"author":[{"embeddable":true,"href":"https:\/\/jean-philippe-haure.art\/fr\/wp-json\/wp\/v2\/users\/2"}],"replies":[{"embeddable":true,"href":"https:\/\/jean-philippe-haure.art\/fr\/wp-json\/wp\/v2\/comments?post=15"}],"version-history":[{"count":1,"href":"https:\/\/jean-philippe-haure.art\/fr\/wp-json\/wp\/v2\/pages\/15\/revisions"}],"predecessor-version":[{"id":2302,"href":"https:\/\/jean-philippe-haure.art\/fr\/wp-json\/wp\/v2\/pages\/15\/revisions\/2302"}],"wp:featuredmedia":[{"embeddable":true,"href":"https:\/\/jean-philippe-haure.art\/fr\/wp-json\/wp\/v2\/media\/207"}],"wp:attachment":[{"href":"https:\/\/jean-philippe-haure.art\/fr\/wp-json\/wp\/v2\/media?parent=15"}],"curies":[{"name":"wp","href":"https:\/\/api.w.org\/{rel}","templated":true}]}}